{"id":95,"date":"2025-10-21T22:33:42","date_gmt":"2025-10-21T22:33:42","guid":{"rendered":"https:\/\/gruasymontajes.com.ar\/?page_id=95"},"modified":"2025-10-24T03:24:13","modified_gmt":"2025-10-24T03:24:13","slug":"servicios-de-alquiler-de-gruas","status":"publish","type":"page","link":"https:\/\/gruasymontajes.com.ar\/index.php\/servicios-de-alquiler-de-gruas\/","title":{"rendered":"Servicios de Alquiler de Gr\u00faas"},"content":{"rendered":"<div class=\"wpb-content-wrapper\"><p>[vc_row][vc_column][vc_empty_space height=&#8221;45px&#8221;][vc_empty_space height=&#8221;45px&#8221;][vc_column_text css=&#8221;&#8221;]<\/p>\n<h1 style=\"text-align: center;\"><strong>Servicios de Alquiler de Gr\u00faas<\/strong><\/h1>\n<p>[\/vc_column_text][vc_empty_space height=&#8221;45px&#8221;][vc_empty_space height=&#8221;45px&#8221;][\/vc_column][\/vc_row][vc_row][vc_column width=&#8221;1\/2&#8243;][vc_column_text css=&#8221;&#8221;]<\/p>\n<h5 style=\"text-align: left;\"><strong>HIDROGR\u00daAS Y GRUAS TELESC\u00d3PICAS.<\/strong><br \/>\n<strong>HIDROGR\u00daA FERIOLI<\/strong> \u2014 10.000 TONEL\u00c1METROS.<br \/>\n<strong>GR\u00daA TADANO<\/strong> \u2014 15 TONELADAS, PLUMA TELESC\u00d3PICA DE 30 M.<br \/>\n<strong>HIDROGR\u00daA HIDROGRUBER<\/strong> \u2014 18 TONELADAS, 30 M DE ALCANCE.<br \/>\n<strong>HIDROGR\u00daA HIDROGRUBER<\/strong> \u2014 20 TONELADAS, 35 M DE ALCANCE.<br \/>\n<strong>GR\u00daA TADANO<\/strong> \u2014 65 TONELADAS, PLUMA DE 43 M + PLUM\u00cdN ADICIONAL.<\/h5>\n<p>[\/vc_column_text][vc_empty_space height=&#8221;45px&#8221;][\/vc_column][vc_column width=&#8221;1\/2&#8243;][vc_column_text css=&#8221;&#8221;]<\/p>\n<div id='gallery-1' class='gallery galleryid-95 gallery-columns-2 gallery-size-large'><dl class='gallery-item'>\n\t\t\t<dt class='gallery-icon landscape'>\n\t\t\t\t<a href='https:\/\/gruasymontajes.com.ar\/wp-content\/uploads\/2025\/10\/magruasymontajes-6-1.jpg'><img loading=\"lazy\" decoding=\"async\" width=\"860\" height=\"400\" src=\"https:\/\/gruasymontajes.com.ar\/wp-content\/uploads\/2025\/10\/magruasymontajes-6-1.jpg\" class=\"attachment-large size-large\" alt=\"\" srcset=\"https:\/\/gruasymontajes.com.ar\/wp-content\/uploads\/2025\/10\/magruasymontajes-6-1.jpg 860w, https:\/\/gruasymontajes.com.ar\/wp-content\/uploads\/2025\/10\/magruasymontajes-6-1-300x140.jpg 300w, https:\/\/gruasymontajes.com.ar\/wp-content\/uploads\/2025\/10\/magruasymontajes-6-1-768x357.jpg 768w\" sizes=\"auto, (max-width: 860px) 100vw, 860px\" \/><\/a>\n\t\t\t<\/dt><\/dl><dl class='gallery-item'>\n\t\t\t<dt class='gallery-icon landscape'>\n\t\t\t\t<a href='https:\/\/gruasymontajes.com.ar\/wp-content\/uploads\/2025\/10\/magruasymontajes-7-1.jpg'><img loading=\"lazy\" decoding=\"async\" width=\"858\" height=\"400\" src=\"https:\/\/gruasymontajes.com.ar\/wp-content\/uploads\/2025\/10\/magruasymontajes-7-1.jpg\" class=\"attachment-large size-large\" alt=\"\" srcset=\"https:\/\/gruasymontajes.com.ar\/wp-content\/uploads\/2025\/10\/magruasymontajes-7-1.jpg 858w, https:\/\/gruasymontajes.com.ar\/wp-content\/uploads\/2025\/10\/magruasymontajes-7-1-300x140.jpg 300w, https:\/\/gruasymontajes.com.ar\/wp-content\/uploads\/2025\/10\/magruasymontajes-7-1-768x358.jpg 768w\" sizes=\"auto, (max-width: 858px) 100vw, 858px\" \/><\/a>\n\t\t\t<\/dt><\/dl><br style=\"clear: both\" \/><dl class='gallery-item'>\n\t\t\t<dt class='gallery-icon landscape'>\n\t\t\t\t<a href='https:\/\/gruasymontajes.com.ar\/wp-content\/uploads\/2025\/10\/magruasymontajes-2-2.jpg'><img loading=\"lazy\" decoding=\"async\" width=\"667\" height=\"400\" src=\"https:\/\/gruasymontajes.com.ar\/wp-content\/uploads\/2025\/10\/magruasymontajes-2-2.jpg\" class=\"attachment-large size-large\" alt=\"\" srcset=\"https:\/\/gruasymontajes.com.ar\/wp-content\/uploads\/2025\/10\/magruasymontajes-2-2.jpg 667w, https:\/\/gruasymontajes.com.ar\/wp-content\/uploads\/2025\/10\/magruasymontajes-2-2-300x180.jpg 300w\" sizes=\"auto, (max-width: 667px) 100vw, 667px\" \/><\/a>\n\t\t\t<\/dt><\/dl><dl class='gallery-item'>\n\t\t\t<dt class='gallery-icon landscape'>\n\t\t\t\t<a href='https:\/\/gruasymontajes.com.ar\/wp-content\/uploads\/2025\/10\/magruasymontajes-1-2.jpg'><img loading=\"lazy\" decoding=\"async\" width=\"863\" height=\"400\" src=\"https:\/\/gruasymontajes.com.ar\/wp-content\/uploads\/2025\/10\/magruasymontajes-1-2.jpg\" class=\"attachment-large size-large\" alt=\"\" srcset=\"https:\/\/gruasymontajes.com.ar\/wp-content\/uploads\/2025\/10\/magruasymontajes-1-2.jpg 863w, https:\/\/gruasymontajes.com.ar\/wp-content\/uploads\/2025\/10\/magruasymontajes-1-2-300x139.jpg 300w, https:\/\/gruasymontajes.com.ar\/wp-content\/uploads\/2025\/10\/magruasymontajes-1-2-768x356.jpg 768w\" sizes=\"auto, (max-width: 863px) 100vw, 863px\" \/><\/a>\n\t\t\t<\/dt><\/dl><br style=\"clear: both\" \/>\n\t\t<\/div>\n\n<p>[\/vc_column_text][\/vc_column][\/vc_row][vc_row][vc_column width=&#8221;1\/4&#8243;][\/vc_column][vc_column width=&#8221;1\/2&#8243;][vc_empty_space height=&#8221;45px&#8221;][vc_column_text css=&#8221;&#8221;]<\/p>\n<p style=\"text-align: center;\">Contamos con una flota vers\u00e1til y equipada para responder a los desaf\u00edos m\u00e1s exigentes del movimiento y elevaci\u00f3n de cargas.<\/p>\n<p>[\/vc_column_text][\/vc_column][vc_column width=&#8221;1\/4&#8243;][\/vc_column][\/vc_row][vc_row][vc_column][vc_empty_space height=&#8221;45px&#8221;][vc_empty_space height=&#8221;45px&#8221;][vc_separator accent_color=&#8221;#FAF000&#8243;][\/vc_column][\/vc_row][vc_row][vc_column width=&#8221;1\/2&#8243;][vc_empty_space height=&#8221;45px&#8221;][vc_column_text css=&#8221;&#8221;]<\/p>\n<h3><strong>M&amp;A URUGUAY S.R.L.\u00a0<\/strong><\/h3>\n<p>[\/vc_column_text][vc_empty_space height=&#8221;10px&#8221;][vc_column_text css=&#8221;&#8221;]<iframe style=\"border: 0;\" src=\"https:\/\/www.google.com\/maps\/embed?pb=!1m18!1m12!1m3!1d3331.807635633837!2d-56.52853432528551!3d-33.37608779370599!2m3!1f0!2f0!3f0!3m2!1i1024!2i768!4f13.1!3m3!1m2!1s0x95a6ea8e77f18037%3A0x3f4b91b14f5585cd!2sGral.%20Jose%20Gervasio%20Artigas%20367%2C%2097000%20Durazno%2C%20Departamento%20de%20Durazno%2C%20Uruguay!5e0!3m2!1sen!2sar!4v1761275478288!5m2!1sen!2sar\" width=\"100%\" allowfullscreen=\"allowfullscreen\"><\/iframe>[\/vc_column_text][vc_empty_space height=&#8221;10px&#8221;][vc_column_text css=&#8221;&#8221;]Artigas 367, Durazno Uruguay. Rep\u00fablica Oriental del Uruguay.[\/vc_column_text][vc_column_text css=&#8221;&#8221;]<strong>Tel\u00e9fono:<\/strong> 0059899598377<br \/>\n<strong>Celular:<\/strong> 00 54 2477 567331<br \/>\n<strong>E-mail:<\/strong> aavalos@s11.coopenet.com.ar[\/vc_column_text][vc_empty_space height=&#8221;45px&#8221;][\/vc_column][vc_column width=&#8221;1\/2&#8243;][vc_empty_space height=&#8221;45px&#8221;][vc_column_text css=&#8221;&#8221;]<\/p>\n<h3><strong>ABEL H. AVALOS<\/strong><\/h3>\n<p>[\/vc_column_text][vc_empty_space height=&#8221;10px&#8221;][vc_column_text css=&#8221;&#8221;]<iframe style=\"border: 0;\" src=\"https:\/\/www.google.com\/maps\/embed?pb=!1m18!1m12!1m3!1d2341.9083699705952!2d-61.09117252392979!3d-33.890720606221365!2m3!1f0!2f0!3f0!3m2!1i1024!2i768!4f13.1!3m3!1m2!1s0x95b810f9dc7e50bd%3A0x40abc3f0c8440588!2sC.%20127%20831%2C%20B2720%20Col%C3%B3n%2C%20Provincia%20de%20Buenos%20Aires!5e0!3m2!1sen!2sar!4v1761275399535!5m2!1sen!2sar\" width=\"100%\" allowfullscreen=\"allowfullscreen\"><\/iframe>[\/vc_column_text][vc_empty_space height=&#8221;10px&#8221;][vc_column_text css=&#8221;&#8221;]Calle 127 n\u00b0831 \/ C.P 2720, Col\u00f3n Bs. As. Rep\u00fablica Argentina.[\/vc_column_text][vc_column_text css=&#8221;&#8221;]<strong>Tel\u00e9fono:<\/strong> 02473-422750 \/ Cel: 02477-15567331<br \/>\n<strong>Celular:<\/strong> 02477-15567349<br \/>\n<strong>E-mail:<\/strong> aavalos@s11.coopenet.com.ar[\/vc_column_text][vc_empty_space height=&#8221;45px&#8221;][\/vc_column][\/vc_row]<\/p>\n<\/div>","protected":false},"excerpt":{"rendered":"<p>[vc_row][vc_column][vc_empty_space height=&#8221;45px&#8221;][vc_empty_space height=&#8221;45px&#8221;][vc_column_text css=&#8221;&#8221;] Servicios de Alquiler de Gr\u00faas [\/vc_column_text][vc_empty_space height=&#8221;45px&#8221;][vc_empty_space height=&#8221;45px&#8221;][\/vc_column][\/vc_row][vc_row][vc_column width=&#8221;1\/2&#8243;][vc_column_text css=&#8221;&#8221;] HIDROGR\u00daAS Y GRUAS TELESC\u00d3PICAS. HIDROGR\u00daA FERIOLI \u2014 10.000 TONEL\u00c1METROS. GR\u00daA TADANO \u2014 15 TONELADAS, PLUMA TELESC\u00d3PICA DE 30 M. HIDROGR\u00daA HIDROGRUBER \u2014 18 TONELADAS, 30 M DE ALCANCE. HIDROGR\u00daA HIDROGRUBER \u2014 20 TONELADAS, 35 M DE ALCANCE. GR\u00daA TADANO \u2014 65 &hellip;<\/p>\n","protected":false},"author":9,"featured_media":0,"parent":0,"menu_order":0,"comment_status":"closed","ping_status":"closed","template":"templates\/page-full.php","meta":{"footnotes":""},"class_list":["post-95","page","type-page","status-publish","hentry"],"_links":{"self":[{"href":"https:\/\/gruasymontajes.com.ar\/index.php\/wp-json\/wp\/v2\/pages\/95","targetHints":{"allow":["GET"]}}],"collection":[{"href":"https:\/\/gruasymontajes.com.ar\/index.php\/wp-json\/wp\/v2\/pages"}],"about":[{"href":"https:\/\/gruasymontajes.com.ar\/index.php\/wp-json\/wp\/v2\/types\/page"}],"author":[{"embeddable":true,"href":"https:\/\/gruasymontajes.com.ar\/index.php\/wp-json\/wp\/v2\/users\/9"}],"replies":[{"embeddable":true,"href":"https:\/\/gruasymontajes.com.ar\/index.php\/wp-json\/wp\/v2\/comments?post=95"}],"version-history":[{"count":11,"href":"https:\/\/gruasymontajes.com.ar\/index.php\/wp-json\/wp\/v2\/pages\/95\/revisions"}],"predecessor-version":[{"id":215,"href":"https:\/\/gruasymontajes.com.ar\/index.php\/wp-json\/wp\/v2\/pages\/95\/revisions\/215"}],"wp:attachment":[{"href":"https:\/\/gruasymontajes.com.ar\/index.php\/wp-json\/wp\/v2\/media?parent=95"}],"curies":[{"name":"wp","href":"https:\/\/api.w.org\/{rel}","templated":true}]}}