{"id":103,"date":"2025-10-21T22:36:24","date_gmt":"2025-10-21T22:36:24","guid":{"rendered":"https:\/\/gruasymontajes.com.ar\/?page_id=103"},"modified":"2025-10-31T14:02:31","modified_gmt":"2025-10-31T14:02:31","slug":"inicio","status":"publish","type":"page","link":"https:\/\/gruasymontajes.com.ar\/","title":{"rendered":"Inicio"},"content":{"rendered":"<div class=\"wpb-content-wrapper\"><p>[vc_row type=&#8221;full-nopad&#8221; css=&#8221;.vc_custom_1761917764671{padding-top: 5px !important;padding-right: 5px !important;padding-bottom: 5px !important;padding-left: 5px !important;}&#8221;][vc_column]\r\n\t\t\t<div class=\"nm-banner content-full image-type-fluid has-alt-image text-color-dark subtitle-below\" style=\"\"><img loading=\"lazy\" decoding=\"async\" src=\"https:\/\/gruasymontajes.com.ar\/wp-content\/uploads\/2025\/10\/banner-ma-01-1.jpg\" width=\"1900\" height=\"500\" alt=\"banner-m&#038;a-01\" \/><img loading=\"lazy\" decoding=\"async\" src=\"https:\/\/gruasymontajes.com.ar\/wp-content\/uploads\/2025\/10\/banner-ma-02.jpg\" class=\"nm-banner-alt-image img\" width=\"430\" height=\"530\" alt=\"banner-m&#038;a-02\" \/>\r\n\t\t\t<\/div>[\/vc_column][\/vc_row][vc_row][vc_column width=&#8221;1\/4&#8243;][\/vc_column][vc_column width=&#8221;1\/2&#8243;][vc_empty_space height=&#8221;45px&#8221;][vc_empty_space height=&#8221;45px&#8221;][vc_column_text css=&#8221;&#8221;]<\/p>\n<h1 style=\"text-align: center;\" data-start=\"374\" data-end=\"665\"><strong>M&amp;A Montajes Industriales y Gr\u00faas<\/strong><\/h1>\n<p>[\/vc_column_text][vc_empty_space height=&#8221;15px&#8221;][vc_column_text css=&#8221;&#8221;]<\/p>\n<p style=\"text-align: center;\" data-start=\"374\" data-end=\"665\">En <strong data-start=\"377\" data-end=\"384\">M&amp;A<\/strong> fabricamos <strong data-start=\"396\" data-end=\"439\">productos anti abrasivos de poliuretano<\/strong> dise\u00f1ados para soportar las condiciones m\u00e1s exigentes de trabajo. Ofrecemos <strong data-start=\"518\" data-end=\"542\">soluciones duraderas<\/strong>, adaptadas a zonas de <strong data-start=\"565\" data-end=\"602\">alto impacto, abrasi\u00f3n o desgaste<\/strong>, con una calidad comprobada por ensayos t\u00e9cnicos certificados.<\/p>\n<p>[\/vc_column_text][vc_empty_space height=&#8221;45px&#8221;][vc_empty_space height=&#8221;45px&#8221;][vc_column_text css=&#8221;&#8221;]<\/p>\n<h2 style=\"text-align: center;\"><strong>Nuestros Servicios<\/strong><\/h2>\n<p>[\/vc_column_text][vc_empty_space height=&#8221;45px&#8221;][\/vc_column][vc_column width=&#8221;1\/4&#8243;][\/vc_column][\/vc_row][vc_row][vc_column][vc_empty_space height=&#8221;15px&#8221;][\/vc_column][\/vc_row][vc_row][vc_column width=&#8221;1\/3&#8243;][vc_column_text css=&#8221;&#8221;]<a href=\"https:\/\/gruasymontajes.com.ar\/index.php\/servicios-de-alquiler-de-gruas\/\" target=\"_blank\" rel=\"noopener\"><img decoding=\"async\" class=\"inicio alignnone size-medium wp-image-218 aligncenter\" src=\"https:\/\/gruasymontajes.com.ar\/wp-content\/uploads\/2025\/10\/magruasymontajes-1-1.png\" alt=\"\" width=\"300\" srcset=\"https:\/\/gruasymontajes.com.ar\/wp-content\/uploads\/2025\/10\/magruasymontajes-1-1.png 400w, https:\/\/gruasymontajes.com.ar\/wp-content\/uploads\/2025\/10\/magruasymontajes-1-1-300x300.png 300w, https:\/\/gruasymontajes.com.ar\/wp-content\/uploads\/2025\/10\/magruasymontajes-1-1-150x150.png 150w\" sizes=\"(max-width: 400px) 100vw, 400px\" \/><\/a>[\/vc_column_text][vc_empty_space height=&#8221;15px&#8221;][vc_column_text css=&#8221;&#8221;]<\/p>\n<h3 style=\"text-align: center;\"><a href=\"https:\/\/gruasymontajes.com.ar\/index.php\/servicios-de-alquiler-de-gruas\/\" target=\"_blank\" rel=\"noopener\">SERVICIOS DE ALQUILER DE GR\u00daAS<\/a><\/h3>\n<p>[\/vc_column_text][vc_empty_space height=&#8221;15px&#8221;]\r\n\t\t\t<div class=\"nm_btn_align_center\">\r\n\t\t\t\t<a href=\"https:\/\/gruasymontajes.com.ar\/index.php\/servicios-de-alquiler-de-gruas\/\" class=\"nm_btn nm_btn_sm nm_btn_filled\" title=\"Servicios de Alquiler de Gr\u00faas\"target=\"_blank\">\r\n\t\t\t\t\t<span class=\"nm_btn_title\">Entrar<\/span>\r\n\t\t\t\t\t<span class=\"nm_btn_bg\" style=\"background-color:#000000;\"><\/span>\r\n\t\t\t\t<\/a>\r\n\t\t\t<\/div>[vc_empty_space height=&#8221;45px&#8221;][\/vc_column][vc_column width=&#8221;1\/3&#8243;][vc_column_text css=&#8221;&#8221;]<a href=\"https:\/\/gruasymontajes.com.ar\/index.php\/protecciones-anti-abrasivas-ma\/\" target=\"_blank\" rel=\"noopener\"><img decoding=\"async\" class=\"inicio alignnone size-medium wp-image-220 aligncenter\" src=\"https:\/\/gruasymontajes.com.ar\/wp-content\/uploads\/2025\/10\/magruasymontajes-3-1.png\" alt=\"\" width=\"300\" srcset=\"https:\/\/gruasymontajes.com.ar\/wp-content\/uploads\/2025\/10\/magruasymontajes-3-1.png 400w, https:\/\/gruasymontajes.com.ar\/wp-content\/uploads\/2025\/10\/magruasymontajes-3-1-300x300.png 300w, https:\/\/gruasymontajes.com.ar\/wp-content\/uploads\/2025\/10\/magruasymontajes-3-1-150x150.png 150w\" sizes=\"(max-width: 400px) 100vw, 400px\" \/><\/a>[\/vc_column_text][vc_empty_space height=&#8221;15px&#8221;][vc_column_text css=&#8221;&#8221;]<\/p>\n<h3 style=\"text-align: center;\"><a href=\"https:\/\/gruasymontajes.com.ar\/index.php\/protecciones-anti-abrasivas-ma\/\" target=\"_blank\" rel=\"noopener\">PROTECCIONES ANTI ABRASIVOS<\/a><\/h3>\n<p>[\/vc_column_text][vc_empty_space height=&#8221;15px&#8221;]\r\n\t\t\t<div class=\"nm_btn_align_center\">\r\n\t\t\t\t<a href=\"https:\/\/gruasymontajes.com.ar\/index.php\/protecciones-anti-abrasivas-ma\/\" class=\"nm_btn nm_btn_sm nm_btn_filled\" title=\"Servicios de Alquiler de Gr\u00faas\"target=\"_blank\">\r\n\t\t\t\t\t<span class=\"nm_btn_title\">Entrar<\/span>\r\n\t\t\t\t\t<span class=\"nm_btn_bg\" style=\"background-color:#000000;\"><\/span>\r\n\t\t\t\t<\/a>\r\n\t\t\t<\/div>[vc_empty_space height=&#8221;45px&#8221;][\/vc_column][vc_column width=&#8221;1\/3&#8243;][vc_column_text css=&#8221;&#8221;]<a href=\"https:\/\/gruasymontajes.com.ar\/index.php\/accesorios-para-plantas-de-silos\/\" target=\"_blank\" rel=\"noopener\"><img decoding=\"async\" class=\"inicio alignnone size-medium wp-image-219 aligncenter\" src=\"https:\/\/gruasymontajes.com.ar\/wp-content\/uploads\/2025\/10\/magruasymontajes-2-1.png\" alt=\"\" width=\"300\" srcset=\"https:\/\/gruasymontajes.com.ar\/wp-content\/uploads\/2025\/10\/magruasymontajes-2-1.png 400w, https:\/\/gruasymontajes.com.ar\/wp-content\/uploads\/2025\/10\/magruasymontajes-2-1-300x300.png 300w, https:\/\/gruasymontajes.com.ar\/wp-content\/uploads\/2025\/10\/magruasymontajes-2-1-150x150.png 150w\" sizes=\"(max-width: 400px) 100vw, 400px\" \/><\/a>[\/vc_column_text][vc_empty_space height=&#8221;15px&#8221;][vc_column_text css=&#8221;&#8221;]<\/p>\n<h3 style=\"text-align: center;\"><a href=\"https:\/\/gruasymontajes.com.ar\/index.php\/accesorios-para-plantas-de-silos\/\" target=\"_blank\" rel=\"noopener\">ACCESORIOS PARA PLANTAS DE SILOS<\/a><\/h3>\n<p>[\/vc_column_text][vc_empty_space height=&#8221;15px&#8221;]\r\n\t\t\t<div class=\"nm_btn_align_center\">\r\n\t\t\t\t<a href=\"https:\/\/gruasymontajes.com.ar\/index.php\/accesorios-para-plantas-de-silos\/\" class=\"nm_btn nm_btn_sm nm_btn_filled\" title=\"Servicios de Alquiler de Gr\u00faas\"target=\"_blank\">\r\n\t\t\t\t\t<span class=\"nm_btn_title\">Entrar<\/span>\r\n\t\t\t\t\t<span class=\"nm_btn_bg\" style=\"background-color:#000000;\"><\/span>\r\n\t\t\t\t<\/a>\r\n\t\t\t<\/div>[vc_empty_space height=&#8221;45px&#8221;][\/vc_column][\/vc_row][vc_row][vc_column width=&#8221;1\/4&#8243;][\/vc_column][vc_column width=&#8221;1\/2&#8243;][vc_empty_space height=&#8221;45px&#8221;][vc_column_text css=&#8221;&#8221;]<\/p>\n<p style=\"text-align: center;\" data-start=\"667\" data-end=\"883\">Nuestra <strong data-start=\"675\" data-end=\"710\">tecnolog\u00eda de \u00faltima generaci\u00f3n<\/strong> y el uso de <strong data-start=\"723\" data-end=\"753\">materias primas importadas<\/strong> respaldadas por <strong data-start=\"770\" data-end=\"795\">Uniroyal Chemical Co.<\/strong> garantizan un rendimiento superior y la mejor <strong data-start=\"842\" data-end=\"870\">relaci\u00f3n costo-beneficio<\/strong> del mercado.<br \/>\nM\u00e1s que productos, brindamos protecci\u00f3n y rendimiento para tu maquinaria.<\/p>\n<p>[\/vc_column_text][vc_empty_space height=&#8221;45px&#8221;][\/vc_column][vc_column width=&#8221;1\/4&#8243;][\/vc_column][\/vc_row][vc_row][vc_column][vc_empty_space height=&#8221;45px&#8221;][vc_empty_space height=&#8221;45px&#8221;][vc_separator accent_color=&#8221;#FAF000&#8243;][\/vc_column][\/vc_row][vc_row][vc_column width=&#8221;1\/2&#8243;][vc_empty_space height=&#8221;45px&#8221;][vc_column_text css=&#8221;&#8221;]<\/p>\n<h3><strong>M&amp;A URUGUAY S.R.L.\u00a0<\/strong><\/h3>\n<p>[\/vc_column_text][vc_empty_space height=&#8221;10px&#8221;][vc_column_text css=&#8221;&#8221;]<iframe style=\"border: 0;\" src=\"https:\/\/www.google.com\/maps\/embed?pb=!1m18!1m12!1m3!1d3331.807635633837!2d-56.52853432528551!3d-33.37608779370599!2m3!1f0!2f0!3f0!3m2!1i1024!2i768!4f13.1!3m3!1m2!1s0x95a6ea8e77f18037%3A0x3f4b91b14f5585cd!2sGral.%20Jose%20Gervasio%20Artigas%20367%2C%2097000%20Durazno%2C%20Departamento%20de%20Durazno%2C%20Uruguay!5e0!3m2!1sen!2sar!4v1761275478288!5m2!1sen!2sar\" width=\"100%\" allowfullscreen=\"allowfullscreen\"><\/iframe>[\/vc_column_text][vc_empty_space height=&#8221;10px&#8221;][vc_column_text css=&#8221;&#8221;]Artigas 367, Durazno Uruguay. Rep\u00fablica Oriental del Uruguay.[\/vc_column_text][vc_column_text css=&#8221;&#8221;]<strong>Tel\u00e9fono:<\/strong> 0059899598377<br \/>\n<strong>Celular:<\/strong> 00 54 2477 567331<br \/>\n<strong>E-mail:<\/strong> aavalos@s11.coopenet.com.ar[\/vc_column_text][vc_empty_space height=&#8221;45px&#8221;][\/vc_column][vc_column width=&#8221;1\/2&#8243;][vc_empty_space height=&#8221;45px&#8221;][vc_column_text css=&#8221;&#8221;]<\/p>\n<h3><strong>ABEL H. AVALOS<\/strong><\/h3>\n<p>[\/vc_column_text][vc_empty_space height=&#8221;10px&#8221;][vc_column_text css=&#8221;&#8221;]<iframe style=\"border: 0;\" src=\"https:\/\/www.google.com\/maps\/embed?pb=!1m18!1m12!1m3!1d2341.9083699705952!2d-61.09117252392979!3d-33.890720606221365!2m3!1f0!2f0!3f0!3m2!1i1024!2i768!4f13.1!3m3!1m2!1s0x95b810f9dc7e50bd%3A0x40abc3f0c8440588!2sC.%20127%20831%2C%20B2720%20Col%C3%B3n%2C%20Provincia%20de%20Buenos%20Aires!5e0!3m2!1sen!2sar!4v1761275399535!5m2!1sen!2sar\" width=\"100%\" allowfullscreen=\"allowfullscreen\"><\/iframe>[\/vc_column_text][vc_empty_space height=&#8221;10px&#8221;][vc_column_text css=&#8221;&#8221;]Calle 127 n\u00b0831 \/ C.P 2720, Col\u00f3n Bs. As. Rep\u00fablica Argentina.[\/vc_column_text][vc_column_text css=&#8221;&#8221;]<strong>Tel\u00e9fono:<\/strong> 02473-422750 \/ Cel: 02477-15567331<br \/>\n<strong>Celular:<\/strong> 02477-15567349<br \/>\n<strong>E-mail:<\/strong> aavalos@s11.coopenet.com.ar[\/vc_column_text][vc_empty_space height=&#8221;45px&#8221;][\/vc_column][\/vc_row]<\/p>\n<\/div>","protected":false},"excerpt":{"rendered":"<p>[vc_row type=&#8221;full-nopad&#8221; css=&#8221;.vc_custom_1761917764671{padding-top: 5px !important;padding-right: 5px !important;padding-bottom: 5px !important;padding-left: 5px !important;}&#8221;][vc_column][\/vc_column][\/vc_row][vc_row][vc_column width=&#8221;1\/4&#8243;][\/vc_column][vc_column width=&#8221;1\/2&#8243;][vc_empty_space height=&#8221;45px&#8221;][vc_empty_space height=&#8221;45px&#8221;][vc_column_text css=&#8221;&#8221;] M&amp;A Montajes Industriales y Gr\u00faas [\/vc_column_text][vc_empty_space height=&#8221;15px&#8221;][vc_column_text css=&#8221;&#8221;] En M&amp;A fabricamos productos anti abrasivos de poliuretano dise\u00f1ados para soportar las condiciones m\u00e1s exigentes de trabajo. Ofrecemos soluciones duraderas, adaptadas a zonas de alto impacto, abrasi\u00f3n o desgaste, con una &hellip;<\/p>\n","protected":false},"author":9,"featured_media":0,"parent":0,"menu_order":0,"comment_status":"closed","ping_status":"closed","template":"templates\/page-full.php","meta":{"footnotes":""},"class_list":["post-103","page","type-page","status-publish","hentry"],"_links":{"self":[{"href":"https:\/\/gruasymontajes.com.ar\/index.php\/wp-json\/wp\/v2\/pages\/103","targetHints":{"allow":["GET"]}}],"collection":[{"href":"https:\/\/gruasymontajes.com.ar\/index.php\/wp-json\/wp\/v2\/pages"}],"about":[{"href":"https:\/\/gruasymontajes.com.ar\/index.php\/wp-json\/wp\/v2\/types\/page"}],"author":[{"embeddable":true,"href":"https:\/\/gruasymontajes.com.ar\/index.php\/wp-json\/wp\/v2\/users\/9"}],"replies":[{"embeddable":true,"href":"https:\/\/gruasymontajes.com.ar\/index.php\/wp-json\/wp\/v2\/comments?post=103"}],"version-history":[{"count":28,"href":"https:\/\/gruasymontajes.com.ar\/index.php\/wp-json\/wp\/v2\/pages\/103\/revisions"}],"predecessor-version":[{"id":251,"href":"https:\/\/gruasymontajes.com.ar\/index.php\/wp-json\/wp\/v2\/pages\/103\/revisions\/251"}],"wp:attachment":[{"href":"https:\/\/gruasymontajes.com.ar\/index.php\/wp-json\/wp\/v2\/media?parent=103"}],"curies":[{"name":"wp","href":"https:\/\/api.w.org\/{rel}","templated":true}]}}